{"id":35,"date":"2023-06-14T13:49:33","date_gmt":"2023-06-14T11:49:33","guid":{"rendered":"https:\/\/kodevill.hu\/?page_id=35"},"modified":"2023-07-10T16:06:35","modified_gmt":"2023-07-10T14:06:35","slug":"felulvizsgalat","status":"publish","type":"page","link":"https:\/\/kodevill.hu\/index.php\/felulvizsgalat\/","title":{"rendered":"FEL\u00dcLVIZSG\u00c1LAT"},"content":{"rendered":"\n<div class=\"wp-block-columns is-layout-flex wp-container-core-columns-layout-1 wp-block-columns-is-layout-flex\">\n<div class=\"wp-block-column is-layout-flow wp-block-column-is-layout-flow\">\n<h3 style=\"text-align: center;\">Villamos biztons\u00e1gi fel\u00fclvizsg\u00e1lat<\/h3>\n\n\n\n<figure class=\"wp-block-image size-full\"><img loading=\"lazy\" decoding=\"async\" width=\"1024\" height=\"681\" src=\"https:\/\/kodevill.hu\/wp-content\/uploads\/2023\/07\/Felulvizsgalat-Erintesvedelem-6.jpg\" alt=\"\" class=\"wp-image-266\" srcset=\"https:\/\/kodevill.hu\/wp-content\/uploads\/2023\/07\/Felulvizsgalat-Erintesvedelem-6.jpg 1024w, https:\/\/kodevill.hu\/wp-content\/uploads\/2023\/07\/Felulvizsgalat-Erintesvedelem-6-300x200.jpg 300w, https:\/\/kodevill.hu\/wp-content\/uploads\/2023\/07\/Felulvizsgalat-Erintesvedelem-6-768x511.jpg 768w, https:\/\/kodevill.hu\/wp-content\/uploads\/2023\/07\/Felulvizsgalat-Erintesvedelem-6-90x60.jpg 90w\" sizes=\"(max-width: 1024px) 100vw, 1024px\" \/><\/figure>\n<\/div>\n\n\n\n<div class=\"wp-block-column is-layout-flow wp-block-column-is-layout-flow\">\n<h3 style=\"text-align: center;\">Vill\u00e1mv\u00e9delmi fel\u00fclvizsg\u00e1lat<\/h3>\n\n\n\n<figure class=\"wp-block-image size-large\"><img loading=\"lazy\" decoding=\"async\" width=\"1024\" height=\"677\" src=\"https:\/\/kodevill.hu\/wp-content\/uploads\/2023\/07\/Felulvizsgalat-Villamvedelem-12-1024x677.jpg\" alt=\"\" class=\"wp-image-263\" srcset=\"https:\/\/kodevill.hu\/wp-content\/uploads\/2023\/07\/Felulvizsgalat-Villamvedelem-12-1024x677.jpg 1024w, https:\/\/kodevill.hu\/wp-content\/uploads\/2023\/07\/Felulvizsgalat-Villamvedelem-12-300x198.jpg 300w, https:\/\/kodevill.hu\/wp-content\/uploads\/2023\/07\/Felulvizsgalat-Villamvedelem-12-768x508.jpg 768w, https:\/\/kodevill.hu\/wp-content\/uploads\/2023\/07\/Felulvizsgalat-Villamvedelem-12-91x60.jpg 91w, https:\/\/kodevill.hu\/wp-content\/uploads\/2023\/07\/Felulvizsgalat-Villamvedelem-12.jpg 1535w\" sizes=\"(max-width: 1024px) 100vw, 1024px\" \/><\/figure>\n<\/div>\n<\/div>\n\n\n\n<div class=\"wp-block-columns is-layout-flex wp-container-core-columns-layout-2 wp-block-columns-is-layout-flex\">\n<div class=\"wp-block-column is-layout-flow wp-block-column-is-layout-flow\">\n<h3 id=\"block-32628cad-18e3-41dc-9cfe-7499c6a23264\" class=\"block-editor-rich-text__editable block-editor-block-list__block wp-block has-text-align-center is-selected wp-block-heading wp-block-heading rich-text\" tabindex=\"0\" role=\"document\" contenteditable=\"true\" aria-multiline=\"true\" aria-label=\"Blokk: C\u00edmsor\" data-block=\"32628cad-18e3-41dc-9cfe-7499c6a23264\" data-type=\"core\/heading\" data-title=\"C\u00edmsor\">Er\u0151s\u00e1ram\u00fa berendez\u00e9sek (T\u0171zv\u00e9delmi) szabv\u00e1nyoss\u00e1gi fel\u00fclvizsg\u00e1lata<\/h3>\n\n\n\n<figure class=\"wp-block-image size-large\"><img loading=\"lazy\" decoding=\"async\" width=\"1024\" height=\"737\" src=\"https:\/\/kodevill.hu\/wp-content\/uploads\/2023\/07\/Felulvizsgalat-Erosaramu-berendezesek-1-1024x737.jpg\" alt=\"\" class=\"wp-image-274\" srcset=\"https:\/\/kodevill.hu\/wp-content\/uploads\/2023\/07\/Felulvizsgalat-Erosaramu-berendezesek-1-1024x737.jpg 1024w, https:\/\/kodevill.hu\/wp-content\/uploads\/2023\/07\/Felulvizsgalat-Erosaramu-berendezesek-1-300x216.jpg 300w, https:\/\/kodevill.hu\/wp-content\/uploads\/2023\/07\/Felulvizsgalat-Erosaramu-berendezesek-1-768x553.jpg 768w, https:\/\/kodevill.hu\/wp-content\/uploads\/2023\/07\/Felulvizsgalat-Erosaramu-berendezesek-1-1536x1106.jpg 1536w, https:\/\/kodevill.hu\/wp-content\/uploads\/2023\/07\/Felulvizsgalat-Erosaramu-berendezesek-1-2048x1474.jpg 2048w, https:\/\/kodevill.hu\/wp-content\/uploads\/2023\/07\/Felulvizsgalat-Erosaramu-berendezesek-1-83x60.jpg 83w\" sizes=\"(max-width: 1024px) 100vw, 1024px\" \/><\/figure>\n<\/div>\n\n\n\n<div class=\"wp-block-column is-layout-flow wp-block-column-is-layout-flow\">\n<h3 style=\"text-align: center;\">Villamos k\u00e9ziszersz\u00e1mok id\u0151szakos \u00e9rint\u00e9sv\u00e9delmi fel\u00fclvizsg\u00e1lata\u00a0<\/h3>\n\n\n\n<figure class=\"wp-block-image size-large\"><img loading=\"lazy\" decoding=\"async\" width=\"1024\" height=\"743\" src=\"https:\/\/kodevill.hu\/wp-content\/uploads\/2023\/07\/Felulvizsgalat-Keziszerszamok-3-1024x743.jpg\" alt=\"\" class=\"wp-image-273\" srcset=\"https:\/\/kodevill.hu\/wp-content\/uploads\/2023\/07\/Felulvizsgalat-Keziszerszamok-3-1024x743.jpg 1024w, https:\/\/kodevill.hu\/wp-content\/uploads\/2023\/07\/Felulvizsgalat-Keziszerszamok-3-300x218.jpg 300w, https:\/\/kodevill.hu\/wp-content\/uploads\/2023\/07\/Felulvizsgalat-Keziszerszamok-3-768x557.jpg 768w, https:\/\/kodevill.hu\/wp-content\/uploads\/2023\/07\/Felulvizsgalat-Keziszerszamok-3-83x60.jpg 83w, https:\/\/kodevill.hu\/wp-content\/uploads\/2023\/07\/Felulvizsgalat-Keziszerszamok-3.jpg 1440w\" sizes=\"(max-width: 1024px) 100vw, 1024px\" \/><\/figure>\n<\/div>\n<\/div>\n\n\n\n<div class=\"wp-block-columns is-layout-flex wp-container-core-columns-layout-3 wp-block-columns-is-layout-flex\">\n<div class=\"wp-block-column is-layout-flow wp-block-column-is-layout-flow\">\n<h3 style=\"text-align: center;\">Hegeszt\u0151 berendez\u00e9sek \u00e9rint\u00e9sv\u00e9delmi fel\u00fclvizsg\u00e1lata<\/h3>\n\n\n\n<figure class=\"wp-block-image size-large\"><img loading=\"lazy\" decoding=\"async\" width=\"1024\" height=\"768\" src=\"https:\/\/kodevill.hu\/wp-content\/uploads\/2023\/07\/Felulvizsgalat-Hegeszto-1-1024x768.jpg\" alt=\"\" class=\"wp-image-280\" srcset=\"https:\/\/kodevill.hu\/wp-content\/uploads\/2023\/07\/Felulvizsgalat-Hegeszto-1-1024x768.jpg 1024w, https:\/\/kodevill.hu\/wp-content\/uploads\/2023\/07\/Felulvizsgalat-Hegeszto-1-300x225.jpg 300w, https:\/\/kodevill.hu\/wp-content\/uploads\/2023\/07\/Felulvizsgalat-Hegeszto-1-768x576.jpg 768w, https:\/\/kodevill.hu\/wp-content\/uploads\/2023\/07\/Felulvizsgalat-Hegeszto-1-80x60.jpg 80w, https:\/\/kodevill.hu\/wp-content\/uploads\/2023\/07\/Felulvizsgalat-Hegeszto-1.jpg 1100w\" sizes=\"(max-width: 1024px) 100vw, 1024px\" \/><\/figure>\n<\/div>\n\n\n\n<div class=\"wp-block-column is-layout-flow wp-block-column-is-layout-flow\">\n<h3 style=\"text-align: center;\">Felvonul\u00e1si berendez\u00e9sek&nbsp; fel\u00fclvizsg\u00e1lata<\/h3>\n\n\n\n<figure class=\"wp-block-image size-full\"><img loading=\"lazy\" decoding=\"async\" width=\"640\" height=\"480\" src=\"https:\/\/kodevill.hu\/wp-content\/uploads\/2023\/07\/Felulvizsgalat-Felvonulasi-berendezesek.jpg\" alt=\"\" class=\"wp-image-272\" srcset=\"https:\/\/kodevill.hu\/wp-content\/uploads\/2023\/07\/Felulvizsgalat-Felvonulasi-berendezesek.jpg 640w, https:\/\/kodevill.hu\/wp-content\/uploads\/2023\/07\/Felulvizsgalat-Felvonulasi-berendezesek-300x225.jpg 300w, https:\/\/kodevill.hu\/wp-content\/uploads\/2023\/07\/Felulvizsgalat-Felvonulasi-berendezesek-80x60.jpg 80w\" sizes=\"(max-width: 640px) 100vw, 640px\" \/><\/figure>\n<\/div>\n<\/div>\n\n\n\n<div class=\"wp-block-columns is-layout-flex wp-container-core-columns-layout-4 wp-block-columns-is-layout-flex\">\n<div class=\"wp-block-column is-layout-flow wp-block-column-is-layout-flow\">\n<h3 style=\"text-align: center;\">G\u00e1zvezet\u00e9kek EPH h\u00e1l\u00f3zatra csatlakoztat\u00e1s\u00e1nak vizsg\u00e1lata<\/h3>\n<\/div>\n\n\n\n<div class=\"wp-block-column is-layout-flow wp-block-column-is-layout-flow\">\n<h3 style=\"text-align: center;\">G\u00e1zk\u00e9sz\u00fcl\u00e9kek EPH csatlakoz\u00e1s\u00e1nak vizsg\u00e1lata<\/h3>\n<\/div>\n<\/div>\n\n\n\n<div class=\"wp-block-columns is-layout-flex wp-container-core-columns-layout-5 wp-block-columns-is-layout-flex\">\n<div class=\"wp-block-column is-layout-flow wp-block-column-is-layout-flow\">\n<h3 style=\"text-align: center;\">Villamos berendez\u00e9ssel ell\u00e1tott g\u00e9pj\u00e1rm\u0171vek fel\u00fclvizsg\u00e1lata<\/h3>\n\n\n\n<figure class=\"wp-block-image size-full\"><img loading=\"lazy\" decoding=\"async\" width=\"1024\" height=\"681\" src=\"https:\/\/kodevill.hu\/wp-content\/uploads\/2023\/06\/Felulvizsgalat-Gepjarmu-1.jpg\" alt=\"\" class=\"wp-image-195\" srcset=\"https:\/\/kodevill.hu\/wp-content\/uploads\/2023\/06\/Felulvizsgalat-Gepjarmu-1.jpg 1024w, https:\/\/kodevill.hu\/wp-content\/uploads\/2023\/06\/Felulvizsgalat-Gepjarmu-1-300x200.jpg 300w, https:\/\/kodevill.hu\/wp-content\/uploads\/2023\/06\/Felulvizsgalat-Gepjarmu-1-768x511.jpg 768w, https:\/\/kodevill.hu\/wp-content\/uploads\/2023\/06\/Felulvizsgalat-Gepjarmu-1-90x60.jpg 90w\" sizes=\"(max-width: 1024px) 100vw, 1024px\" \/><\/figure>\n<\/div>\n\n\n\n<div class=\"wp-block-column is-layout-flow wp-block-column-is-layout-flow\">\n<h3 style=\"text-align: center;\">Villamos berendez\u00e9ssel ell\u00e1tott haj\u00f3k fel\u00fclvizsg\u00e1lata<\/h3>\n\n\n\n<figure class=\"wp-block-image size-full\"><img loading=\"lazy\" decoding=\"async\" width=\"1024\" height=\"683\" src=\"https:\/\/kodevill.hu\/wp-content\/uploads\/2023\/06\/Felulvizsgalat-Hajo-9.jpg\" alt=\"\" class=\"wp-image-212\" srcset=\"https:\/\/kodevill.hu\/wp-content\/uploads\/2023\/06\/Felulvizsgalat-Hajo-9.jpg 1024w, https:\/\/kodevill.hu\/wp-content\/uploads\/2023\/06\/Felulvizsgalat-Hajo-9-300x200.jpg 300w, https:\/\/kodevill.hu\/wp-content\/uploads\/2023\/06\/Felulvizsgalat-Hajo-9-768x512.jpg 768w, https:\/\/kodevill.hu\/wp-content\/uploads\/2023\/06\/Felulvizsgalat-Hajo-9-90x60.jpg 90w\" sizes=\"(max-width: 1024px) 100vw, 1024px\" \/><\/figure>\n<\/div>\n<\/div>\n\n\n\n<div class=\"wp-block-columns is-layout-flex wp-container-core-columns-layout-6 wp-block-columns-is-layout-flex\">\n<div class=\"wp-block-column is-layout-flow wp-block-column-is-layout-flow\">\n<h3 style=\"text-align: center;\">\u00c1ram-v\u00e9d\u0151kapcsol\u00f3k m\u0171szeres vizsg\u00e1lata<\/h3>\n<\/div>\n\n\n\n<div class=\"wp-block-column is-layout-flow wp-block-column-is-layout-flow\"><\/div>\n<\/div>\n","protected":false},"excerpt":{"rendered":"<p>Villamos biztons\u00e1gi fel\u00fclvizsg\u00e1lat Vill\u00e1mv\u00e9delmi fel\u00fclvizsg\u00e1lat Er\u0151s\u00e1ram\u00fa berendez\u00e9sek (T\u0171zv\u00e9delmi) szabv\u00e1nyoss\u00e1gi fel\u00fclvizsg\u00e1lata Villamos k\u00e9ziszersz\u00e1mok id\u0151szakos \u00e9rint\u00e9sv\u00e9delmi fel\u00fclvizsg\u00e1lata\u00a0 Hegeszt\u0151 berendez\u00e9sek \u00e9rint\u00e9sv\u00e9delmi fel\u00fclvizsg\u00e1lata Felvonul\u00e1si berendez\u00e9sek&nbsp; fel\u00fclvizsg\u00e1lata G\u00e1zvezet\u00e9kek EPH h\u00e1l\u00f3zatra csatlakoztat\u00e1s\u00e1nak vizsg\u00e1lata G\u00e1zk\u00e9sz\u00fcl\u00e9kek EPH csatlakoz\u00e1s\u00e1nak vizsg\u00e1lata Villamos berendez\u00e9ssel ell\u00e1tott g\u00e9pj\u00e1rm\u0171vek fel\u00fclvizsg\u00e1lata Villamos berendez\u00e9ssel ell\u00e1tott haj\u00f3k fel\u00fclvizsg\u00e1lata \u00c1ram-v\u00e9d\u0151kapcsol\u00f3k m\u0171szeres vizsg\u00e1lata<\/p>\n","protected":false},"author":1,"featured_media":0,"parent":0,"menu_order":0,"comment_status":"closed","ping_status":"closed","template":"","meta":{"footnotes":""},"_links":{"self":[{"href":"https:\/\/kodevill.hu\/index.php\/wp-json\/wp\/v2\/pages\/35"}],"collection":[{"href":"https:\/\/kodevill.hu\/index.php\/wp-json\/wp\/v2\/pages"}],"about":[{"href":"https:\/\/kodevill.hu\/index.php\/wp-json\/wp\/v2\/types\/page"}],"author":[{"embeddable":true,"href":"https:\/\/kodevill.hu\/index.php\/wp-json\/wp\/v2\/users\/1"}],"replies":[{"embeddable":true,"href":"https:\/\/kodevill.hu\/index.php\/wp-json\/wp\/v2\/comments?post=35"}],"version-history":[{"count":46,"href":"https:\/\/kodevill.hu\/index.php\/wp-json\/wp\/v2\/pages\/35\/revisions"}],"predecessor-version":[{"id":285,"href":"https:\/\/kodevill.hu\/index.php\/wp-json\/wp\/v2\/pages\/35\/revisions\/285"}],"wp:attachment":[{"href":"https:\/\/kodevill.hu\/index.php\/wp-json\/wp\/v2\/media?parent=35"}],"curies":[{"name":"wp","href":"https:\/\/api.w.org\/{rel}","templated":true}]}}