{"id":45,"date":"2023-06-14T13:50:59","date_gmt":"2023-06-14T11:50:59","guid":{"rendered":"https:\/\/kodevill.hu\/?page_id=45"},"modified":"2023-11-24T12:16:22","modified_gmt":"2023-11-24T11:16:22","slug":"referenciak","status":"publish","type":"page","link":"https:\/\/kodevill.hu\/index.php\/referenciak\/","title":{"rendered":"PARTNEREIM"},"content":{"rendered":"\n<div class=\"wp-block-columns is-layout-flex wp-container-core-columns-layout-1 wp-block-columns-is-layout-flex\">\n<div class=\"wp-block-column is-layout-flow wp-block-column-is-layout-flow\">\n<h3 class=\"LC20lb MBeuO DKV0Md\" style=\"text-align: center;\">Bodri Pinc\u00e9szet Szeksz\u00e1rd<\/h3>\n\n\n\n<figure class=\"wp-block-image size-full\"><a href=\"https:\/\/bodribor.hu\/\"><img loading=\"lazy\" decoding=\"async\" width=\"400\" height=\"160\" src=\"https:\/\/kodevill.hu\/wp-content\/uploads\/2023\/11\/Bodri_pinceszet-6.jpg\" alt=\"\" class=\"wp-image-657\" srcset=\"https:\/\/kodevill.hu\/wp-content\/uploads\/2023\/11\/Bodri_pinceszet-6.jpg 400w, https:\/\/kodevill.hu\/wp-content\/uploads\/2023\/11\/Bodri_pinceszet-6-300x120.jpg 300w, https:\/\/kodevill.hu\/wp-content\/uploads\/2023\/11\/Bodri_pinceszet-6-150x60.jpg 150w\" sizes=\"(max-width: 400px) 100vw, 400px\" \/><\/a><\/figure>\n<\/div>\n\n\n\n<div class=\"wp-block-column is-layout-flow wp-block-column-is-layout-flow\">\n<h3 class=\"CCgQ5 vCa9Yd QfkTvb k6WZR OSrXXb N8QANc MUxGbd v0nnCb\" style=\"text-align: center;\" role=\"heading\" aria-level=\"3\">Piccola Toscana olasz \u00e9tterem<\/h3>\n\n\n\n<figure class=\"wp-block-image size-full\"><a href=\"https:\/\/www.piccolatoscanapecs.hu\/\"><img loading=\"lazy\" decoding=\"async\" width=\"400\" height=\"160\" src=\"https:\/\/kodevill.hu\/wp-content\/uploads\/2023\/06\/Referenciak-Piccola_etterem-3.jpg\" alt=\"\" class=\"wp-image-110\" srcset=\"https:\/\/kodevill.hu\/wp-content\/uploads\/2023\/06\/Referenciak-Piccola_etterem-3.jpg 400w, https:\/\/kodevill.hu\/wp-content\/uploads\/2023\/06\/Referenciak-Piccola_etterem-3-300x120.jpg 300w, https:\/\/kodevill.hu\/wp-content\/uploads\/2023\/06\/Referenciak-Piccola_etterem-3-150x60.jpg 150w\" sizes=\"(max-width: 400px) 100vw, 400px\" \/><\/a><\/figure>\n<\/div>\n\n\n\n<div class=\"wp-block-column is-layout-flow wp-block-column-is-layout-flow\">\n<h3 class=\"qrShPb pXs6bb PZPZlf q8U8x aTI8gc\" style=\"text-align: center;\" data-dtype=\"d3ifr\" data-local-attribute=\"d3bn\" data-attrid=\"title\" data-ved=\"2ahUKEwig5dOaxtKCAxWc2gIHHXV6AkUQ3B0oAHoECFwQAQ\">Lajv\u00e9r Borh\u00e1z Szeksz\u00e1rd<\/h3>\n\n\n\n<figure class=\"wp-block-gallery has-nested-images columns-default is-cropped wp-block-gallery-1 is-layout-flex wp-block-gallery-is-layout-flex\">\n<figure class=\"wp-block-image size-large\"><a href=\"https:\/\/lajverwine.com\/\"><img loading=\"lazy\" decoding=\"async\" width=\"400\" height=\"160\" src=\"https:\/\/kodevill.hu\/wp-content\/uploads\/2023\/11\/Lajver_pinceszet-4.jpg\" alt=\"\" class=\"wp-image-653\" srcset=\"https:\/\/kodevill.hu\/wp-content\/uploads\/2023\/11\/Lajver_pinceszet-4.jpg 400w, https:\/\/kodevill.hu\/wp-content\/uploads\/2023\/11\/Lajver_pinceszet-4-300x120.jpg 300w, https:\/\/kodevill.hu\/wp-content\/uploads\/2023\/11\/Lajver_pinceszet-4-150x60.jpg 150w\" sizes=\"(max-width: 400px) 100vw, 400px\" \/><\/a><\/figure>\n<\/figure>\n<\/div>\n<\/div>\n\n\n\n<div class=\"wp-block-columns is-layout-flex wp-container-core-columns-layout-2 wp-block-columns-is-layout-flex\">\n<div class=\"wp-block-column is-layout-flow wp-block-column-is-layout-flow\">\n<h3 class=\"LC20lb MBeuO DKV0Md\" style=\"text-align: center;\">Magt\u00e1r \u00c9tterem &#8211; P\u00e9csi Egyh\u00e1zmegye<\/h3>\n\n\n\n<figure class=\"wp-block-image size-full\"><a href=\"https:\/\/pecsiegyhazmegye.hu\/szolgaltatasok\/rendezvenyhelyszinek\/magtar-latogatokozpont\/magtar-etterem\"><img loading=\"lazy\" decoding=\"async\" width=\"400\" height=\"160\" src=\"https:\/\/kodevill.hu\/wp-content\/uploads\/2023\/06\/Referenciak-Magtar_etterem-1.jpg\" alt=\"\" class=\"wp-image-111\" srcset=\"https:\/\/kodevill.hu\/wp-content\/uploads\/2023\/06\/Referenciak-Magtar_etterem-1.jpg 400w, https:\/\/kodevill.hu\/wp-content\/uploads\/2023\/06\/Referenciak-Magtar_etterem-1-300x120.jpg 300w, https:\/\/kodevill.hu\/wp-content\/uploads\/2023\/06\/Referenciak-Magtar_etterem-1-150x60.jpg 150w\" sizes=\"(max-width: 400px) 100vw, 400px\" \/><\/a><\/figure>\n<\/div>\n\n\n\n<div class=\"wp-block-column is-layout-flow wp-block-column-is-layout-flow\">\n<h3 style=\"text-align: center;\">MannZa &#8211; P\u00e9csi Egyh\u00e1zmegye<\/h3>\n\n\n\n<figure class=\"wp-block-image size-full\"><a href=\"https:\/\/mannza.com\/\"><img loading=\"lazy\" decoding=\"async\" width=\"400\" height=\"160\" src=\"https:\/\/kodevill.hu\/wp-content\/uploads\/2023\/06\/Referenciak-MannZa.jpg\" alt=\"\" class=\"wp-image-113\" srcset=\"https:\/\/kodevill.hu\/wp-content\/uploads\/2023\/06\/Referenciak-MannZa.jpg 400w, https:\/\/kodevill.hu\/wp-content\/uploads\/2023\/06\/Referenciak-MannZa-300x120.jpg 300w, https:\/\/kodevill.hu\/wp-content\/uploads\/2023\/06\/Referenciak-MannZa-150x60.jpg 150w\" sizes=\"(max-width: 400px) 100vw, 400px\" \/><\/a><\/figure>\n<\/div>\n\n\n\n<div class=\"wp-block-column is-layout-flow wp-block-column-is-layout-flow\">\n<h3 style=\"text-align: center;\">Baranya Megyei K\u00f3rh\u00e1z F\u0151z\u0151konyha<\/h3>\n\n\n\n<figure class=\"wp-block-image size-full\"><img loading=\"lazy\" decoding=\"async\" width=\"400\" height=\"160\" src=\"https:\/\/kodevill.hu\/wp-content\/uploads\/2023\/06\/Referenciak-Baranya_Megyei_Korhaz.jpg\" alt=\"\" class=\"wp-image-119\" srcset=\"https:\/\/kodevill.hu\/wp-content\/uploads\/2023\/06\/Referenciak-Baranya_Megyei_Korhaz.jpg 400w, https:\/\/kodevill.hu\/wp-content\/uploads\/2023\/06\/Referenciak-Baranya_Megyei_Korhaz-300x120.jpg 300w, https:\/\/kodevill.hu\/wp-content\/uploads\/2023\/06\/Referenciak-Baranya_Megyei_Korhaz-150x60.jpg 150w\" sizes=\"(max-width: 400px) 100vw, 400px\" \/><\/figure>\n<\/div>\n<\/div>\n\n\n\n<div class=\"wp-block-columns is-layout-flex wp-container-core-columns-layout-3 wp-block-columns-is-layout-flex\">\n<div class=\"wp-block-column is-layout-flow wp-block-column-is-layout-flow\">\n<h3 style=\"text-align: center;\"><span class=\"mw-page-title-main\">Ap\u00e1czai Nevel\u00e9si \u00e9s \u00c1lt. M\u0171vel\u0151d\u00e9si K\u00f6zp.<\/span><\/h3>\n\n\n\n<figure class=\"wp-block-image size-full\"><a href=\"https:\/\/www.educentrum.hu\/\"><img loading=\"lazy\" decoding=\"async\" width=\"400\" height=\"160\" src=\"https:\/\/kodevill.hu\/wp-content\/uploads\/2023\/11\/ANK_konyha-2.jpg\" alt=\"\" class=\"wp-image-668\" srcset=\"https:\/\/kodevill.hu\/wp-content\/uploads\/2023\/11\/ANK_konyha-2.jpg 400w, https:\/\/kodevill.hu\/wp-content\/uploads\/2023\/11\/ANK_konyha-2-300x120.jpg 300w, https:\/\/kodevill.hu\/wp-content\/uploads\/2023\/11\/ANK_konyha-2-150x60.jpg 150w\" sizes=\"(max-width: 400px) 100vw, 400px\" \/><\/a><\/figure>\n<\/div>\n\n\n\n<div class=\"wp-block-column is-layout-flow wp-block-column-is-layout-flow\">\n<h3 id=\"h-widget-5-title\" class=\"title\" style=\"text-align: center;\">Sikl\u00f3si \u00d3voda \u00e9s B\u00f6lcs\u0151de\u00a0<\/h3>\n\n\n\n<figure class=\"wp-block-image size-full\"><img loading=\"lazy\" decoding=\"async\" width=\"400\" height=\"160\" src=\"https:\/\/kodevill.hu\/wp-content\/uploads\/2023\/06\/Referenciak-Siklosi_ovoda.jpg\" alt=\"\" class=\"wp-image-122\" srcset=\"https:\/\/kodevill.hu\/wp-content\/uploads\/2023\/06\/Referenciak-Siklosi_ovoda.jpg 400w, https:\/\/kodevill.hu\/wp-content\/uploads\/2023\/06\/Referenciak-Siklosi_ovoda-300x120.jpg 300w, https:\/\/kodevill.hu\/wp-content\/uploads\/2023\/06\/Referenciak-Siklosi_ovoda-150x60.jpg 150w\" sizes=\"(max-width: 400px) 100vw, 400px\" \/><\/figure>\n<\/div>\n\n\n\n<div class=\"wp-block-column is-layout-flow wp-block-column-is-layout-flow\">\n<h3 class=\"qrShPb pXs6bb PZPZlf q8U8x aTI8gc EaHP9c\" style=\"text-align: center;\" data-dtype=\"d3ifr\" data-local-attribute=\"d3bn\" data-attrid=\"title\" data-ved=\"2ahUKEwiG_4fx_NP_AhXHQvEDHdL8BaoQ3B0oAHoECE8QAQ\">SZOHE &#8211; Szoci\u00e1lis H\u00e1l\u00f3 Egyes\u00fclet<\/h3>\n\n\n\n<figure class=\"wp-block-image size-full\"><a href=\"https:\/\/www.szohe.hu\/\"><img loading=\"lazy\" decoding=\"async\" width=\"400\" height=\"160\" src=\"https:\/\/kodevill.hu\/wp-content\/uploads\/2023\/06\/Referenciak-SZOHE.jpg\" alt=\"\" class=\"wp-image-138\" srcset=\"https:\/\/kodevill.hu\/wp-content\/uploads\/2023\/06\/Referenciak-SZOHE.jpg 400w, https:\/\/kodevill.hu\/wp-content\/uploads\/2023\/06\/Referenciak-SZOHE-300x120.jpg 300w, https:\/\/kodevill.hu\/wp-content\/uploads\/2023\/06\/Referenciak-SZOHE-150x60.jpg 150w\" sizes=\"(max-width: 400px) 100vw, 400px\" \/><\/a><\/figure>\n<\/div>\n<\/div>\n\n\n\n<div class=\"wp-block-columns is-layout-flex wp-container-core-columns-layout-4 wp-block-columns-is-layout-flex\">\n<div class=\"wp-block-column is-layout-flow wp-block-column-is-layout-flow\">\n<h3 style=\"text-align: center;\">Sz\u00fcrke Koh\u00e1sz Kft.<\/h3>\n\n\n\n<figure class=\"wp-block-image size-full\"><a href=\"http:\/\/www.szurkekohasz.hu\/drupal\/\"><img loading=\"lazy\" decoding=\"async\" width=\"400\" height=\"160\" src=\"https:\/\/kodevill.hu\/wp-content\/uploads\/2023\/06\/Referenciak-Szurke_kohasz.jpg\" alt=\"\" class=\"wp-image-129\" srcset=\"https:\/\/kodevill.hu\/wp-content\/uploads\/2023\/06\/Referenciak-Szurke_kohasz.jpg 400w, https:\/\/kodevill.hu\/wp-content\/uploads\/2023\/06\/Referenciak-Szurke_kohasz-300x120.jpg 300w, https:\/\/kodevill.hu\/wp-content\/uploads\/2023\/06\/Referenciak-Szurke_kohasz-150x60.jpg 150w\" sizes=\"(max-width: 400px) 100vw, 400px\" \/><\/a><\/figure>\n<\/div>\n\n\n\n<div class=\"wp-block-column is-layout-flow wp-block-column-is-layout-flow\">\n<h3 style=\"text-align: center;\">Trucker Kft.<\/h3>\n\n\n\n<figure class=\"wp-block-image size-full\"><a href=\"http:\/\/www.trucker.hu\/\"><img loading=\"lazy\" decoding=\"async\" width=\"400\" height=\"160\" src=\"https:\/\/kodevill.hu\/wp-content\/uploads\/2023\/11\/Referenciak-Trucker.jpg\" alt=\"\" class=\"wp-image-688\" srcset=\"https:\/\/kodevill.hu\/wp-content\/uploads\/2023\/11\/Referenciak-Trucker.jpg 400w, https:\/\/kodevill.hu\/wp-content\/uploads\/2023\/11\/Referenciak-Trucker-300x120.jpg 300w, https:\/\/kodevill.hu\/wp-content\/uploads\/2023\/11\/Referenciak-Trucker-150x60.jpg 150w\" sizes=\"(max-width: 400px) 100vw, 400px\" \/><\/a><\/figure>\n<\/div>\n\n\n\n<div class=\"wp-block-column is-layout-flow wp-block-column-is-layout-flow\">\n<h3 style=\"text-align: center;\">Szabados Higi\u00e9nia<\/h3>\n\n\n\n<figure class=\"wp-block-image size-full\"><a href=\"https:\/\/www.szabados-higienia.hu\/\"><img loading=\"lazy\" decoding=\"async\" width=\"400\" height=\"160\" src=\"https:\/\/kodevill.hu\/wp-content\/uploads\/2023\/06\/Referenciak-Szabados-3.jpg\" alt=\"\" class=\"wp-image-135\" srcset=\"https:\/\/kodevill.hu\/wp-content\/uploads\/2023\/06\/Referenciak-Szabados-3.jpg 400w, https:\/\/kodevill.hu\/wp-content\/uploads\/2023\/06\/Referenciak-Szabados-3-300x120.jpg 300w, https:\/\/kodevill.hu\/wp-content\/uploads\/2023\/06\/Referenciak-Szabados-3-150x60.jpg 150w\" sizes=\"(max-width: 400px) 100vw, 400px\" \/><\/a><\/figure>\n<\/div>\n<\/div>\n","protected":false},"excerpt":{"rendered":"<p>Bodri Pinc\u00e9szet Szeksz\u00e1rd Piccola Toscana olasz \u00e9tterem Lajv\u00e9r Borh\u00e1z Szeksz\u00e1rd Magt\u00e1r \u00c9tterem &#8211; P\u00e9csi Egyh\u00e1zmegye MannZa &#8211; P\u00e9csi Egyh\u00e1zmegye Baranya Megyei K\u00f3rh\u00e1z F\u0151z\u0151konyha Ap\u00e1czai Nevel\u00e9si \u00e9s \u00c1lt. M\u0171vel\u0151d\u00e9si K\u00f6zp. Sikl\u00f3si \u00d3voda \u00e9s B\u00f6lcs\u0151de\u00a0 SZOHE &#8211; Szoci\u00e1lis H\u00e1l\u00f3 Egyes\u00fclet Sz\u00fcrke Koh\u00e1sz Kft. Trucker Kft. Szabados Higi\u00e9nia<\/p>\n","protected":false},"author":1,"featured_media":0,"parent":0,"menu_order":0,"comment_status":"closed","ping_status":"closed","template":"","meta":{"footnotes":""},"_links":{"self":[{"href":"https:\/\/kodevill.hu\/index.php\/wp-json\/wp\/v2\/pages\/45"}],"collection":[{"href":"https:\/\/kodevill.hu\/index.php\/wp-json\/wp\/v2\/pages"}],"about":[{"href":"https:\/\/kodevill.hu\/index.php\/wp-json\/wp\/v2\/types\/page"}],"author":[{"embeddable":true,"href":"https:\/\/kodevill.hu\/index.php\/wp-json\/wp\/v2\/users\/1"}],"replies":[{"embeddable":true,"href":"https:\/\/kodevill.hu\/index.php\/wp-json\/wp\/v2\/comments?post=45"}],"version-history":[{"count":42,"href":"https:\/\/kodevill.hu\/index.php\/wp-json\/wp\/v2\/pages\/45\/revisions"}],"predecessor-version":[{"id":701,"href":"https:\/\/kodevill.hu\/index.php\/wp-json\/wp\/v2\/pages\/45\/revisions\/701"}],"wp:attachment":[{"href":"https:\/\/kodevill.hu\/index.php\/wp-json\/wp\/v2\/media?parent=45"}],"curies":[{"name":"wp","href":"https:\/\/api.w.org\/{rel}","templated":true}]}}