{"id":46,"date":"2023-06-14T13:50:59","date_gmt":"2023-06-14T11:50:59","guid":{"rendered":"https:\/\/kodevill.hu\/?page_id=46"},"modified":"2025-01-03T09:09:00","modified_gmt":"2025-01-03T08:09:00","slug":"kapcsolat","status":"publish","type":"page","link":"https:\/\/kodevill.hu\/index.php\/kapcsolat\/","title":{"rendered":"KAPCSOLAT"},"content":{"rendered":"<h2><span style=\"color: #ff0000;\">Kov\u00e1cs Dezs\u0151\u00a0<\/span><\/h2>\n<p><span style=\"color: #000000;\"><strong>Villamosm\u00e9rn\u00f6k<\/strong><\/span><br \/>\n<span style=\"color: #000000;\">Villanyszerel\u0151<\/span><br \/>\n<span style=\"color: #000000;\">Villamos Biztons\u00e1gi Fel\u00fclvizsg\u00e1l\u00f3 &#8211; <strong>VBF (VBF\/2022\/13\/181)<\/strong><\/span><br \/>\n<span style=\"color: #000000;\">Villamos Vill\u00e1mv\u00e9delmi Fel\u00fclvizsg\u00e1l\u00f3 &#8211; <strong>VVF\u00a0(CXK A 0084153)<\/strong> <\/span><br \/>\n<span style=\"color: #000000;\">T\u0171zv\u00e9delmi szakvizsga <strong>(DA-40\/068\/194\/&#8221;14&#8243;\/2022)<\/strong><\/span><\/p>\n<p><span style=\"color: #000000;\"><strong>Igazs\u00e1g\u00fcgyi informatikai szak\u00e9rt\u0151<\/strong> <strong>(IRM 009381)<\/strong><\/span><br \/>\n<span style=\"color: #000000;\">M\u00e9rn\u00f6k-informatikus<\/span><\/p>\n<p><span style=\"color: #000000;\"><strong>Szakmai \u00e9s k\u00e9pes\u00edt\u00f5 vizsg\u00e1k vizsgabizotts\u00e1gi tag<\/strong><\/span><\/p>\n<p><span style=\"color: #000000;\"><strong>M\u00e9rn\u00f6k kamarai sz\u00e1m<\/strong> <strong>(02-1155)<\/strong><\/span><\/p>\n<p><span style=\"color: #000000;\">Mobil:\u00a0 \u00a0 \u00a0 \u00a0 \u00a0 \u00a0 \u00a0<strong>+36 30 777 56 56<\/strong><\/span><br \/>\n<span style=\"color: #000000;\">Email:\u00a0 \u00a0 \u00a0 \u00a0 \u00a0 \u00a0 \u00a0<\/span> <span style=\"color: #0000ff;\"><strong><a style=\"color: #0000ff;\" href=\"mailto:kodevillenergia@gmail.com\">kodevill@kodevill.hu<\/a><\/strong><\/span><br \/>\n<span style=\"color: #000000;\">Facebook:\u00a0<\/span> \u00a0 \u00a0 \u00a0<a class=\"x1i10hfl xjbqb8w x6umtig x1b1mbwd xaqea5y xav7gou x9f619 x1ypdohk xt0psk2 xe8uvvx xdj266r x11i5rnm xat24cr x1mh8g0r xexx8yu x4uap5 x18d9i69 xkhd6sd x16tdsg8 x1hl2dhg xggy1nq x1a2a7pz x1heor9g xt0b8zv x1s688f xq9mrsl\" tabindex=\"0\" role=\"link\" href=\"https:\/\/www.facebook.com\/profile.php?id=100094033070410&amp;locale=hu_HU\" aria-label=\"Kodevill Energia (Villanyszerel\u00e9s fels\u0151fokon)\"><span style=\"color: #0000ff;\"><strong>Kodevill Energia (Villanyszerel\u00e9s fels\u0151fokon)<\/strong><\/span><\/a><\/p>\n<h4><span style=\"color: #e03e2d; font-size: 12pt; font-family: arial, helvetica, sans-serif;\"><strong>KODEVILL Energia<\/strong><\/span><br \/>\n<span style=\"color: #000000;\"><strong><span style=\"font-family: arial, helvetica, sans-serif; font-size: 12pt;\">Villanyszerel\u00e9s fels\u0151fokon<\/span><\/strong><\/span><br \/>\n<span style=\"font-family: arial, helvetica, sans-serif; font-size: 12pt; color: #000000;\">Tervez\u00e9s-Kivitelez\u00e9s-Fel\u00fclvizsg\u00e1lat<\/span><\/h4>\n<h3><\/h3>\n","protected":false},"excerpt":{"rendered":"<p>Kov\u00e1cs Dezs\u0151\u00a0 Villamosm\u00e9rn\u00f6k Villanyszerel\u0151 Villamos Biztons\u00e1gi Fel\u00fclvizsg\u00e1l\u00f3 &#8211; VBF (VBF\/2022\/13\/181) Villamos Vill\u00e1mv\u00e9delmi Fel\u00fclvizsg\u00e1l\u00f3 &#8211; VVF\u00a0(CXK A 0084153) T\u0171zv\u00e9delmi szakvizsga (DA-40\/068\/194\/&#8221;14&#8243;\/2022) Igazs\u00e1g\u00fcgyi informatikai szak\u00e9rt\u0151 (IRM 009381) M\u00e9rn\u00f6k-informatikus Szakmai \u00e9s k\u00e9pes\u00edt\u00f5 vizsg\u00e1k vizsgabizotts\u00e1gi tag M\u00e9rn\u00f6k kamarai sz\u00e1m (02-1155) Mobil:\u00a0 \u00a0 \u00a0 \u00a0 \u00a0 \u00a0 \u00a0+36 30 777 56 56 Email:\u00a0 \u00a0 \u00a0 \u00a0 \u00a0 \u00a0 \u00a0 kodevill@kodevill.hu &hellip; <\/p>\n","protected":false},"author":1,"featured_media":0,"parent":0,"menu_order":0,"comment_status":"closed","ping_status":"closed","template":"","meta":{"footnotes":""},"_links":{"self":[{"href":"https:\/\/kodevill.hu\/index.php\/wp-json\/wp\/v2\/pages\/46"}],"collection":[{"href":"https:\/\/kodevill.hu\/index.php\/wp-json\/wp\/v2\/pages"}],"about":[{"href":"https:\/\/kodevill.hu\/index.php\/wp-json\/wp\/v2\/types\/page"}],"author":[{"embeddable":true,"href":"https:\/\/kodevill.hu\/index.php\/wp-json\/wp\/v2\/users\/1"}],"replies":[{"embeddable":true,"href":"https:\/\/kodevill.hu\/index.php\/wp-json\/wp\/v2\/comments?post=46"}],"version-history":[{"count":12,"href":"https:\/\/kodevill.hu\/index.php\/wp-json\/wp\/v2\/pages\/46\/revisions"}],"predecessor-version":[{"id":769,"href":"https:\/\/kodevill.hu\/index.php\/wp-json\/wp\/v2\/pages\/46\/revisions\/769"}],"wp:attachment":[{"href":"https:\/\/kodevill.hu\/index.php\/wp-json\/wp\/v2\/media?parent=46"}],"curies":[{"name":"wp","href":"https:\/\/api.w.org\/{rel}","templated":true}]}}