{"id":87,"date":"2023-06-14T14:42:23","date_gmt":"2023-06-14T12:42:23","guid":{"rendered":"https:\/\/kodevill.hu\/?page_id=87"},"modified":"2023-06-14T14:42:23","modified_gmt":"2023-06-14T12:42:23","slug":"erintesvedelmi-szabvanyossagi-felulvizsgalat","status":"publish","type":"page","link":"https:\/\/kodevill.hu\/index.php\/erintesvedelmi-szabvanyossagi-felulvizsgalat\/","title":{"rendered":"\u00c9rint\u00e9sv\u00e9delmi szabv\u00e1nyoss\u00e1gi fel\u00fclvizsg\u00e1lat"},"content":{"rendered":"","protected":false},"excerpt":{"rendered":"","protected":false},"author":1,"featured_media":0,"parent":0,"menu_order":0,"comment_status":"closed","ping_status":"closed","template":"","meta":{"footnotes":""},"_links":{"self":[{"href":"https:\/\/kodevill.hu\/index.php\/wp-json\/wp\/v2\/pages\/87"}],"collection":[{"href":"https:\/\/kodevill.hu\/index.php\/wp-json\/wp\/v2\/pages"}],"about":[{"href":"https:\/\/kodevill.hu\/index.php\/wp-json\/wp\/v2\/types\/page"}],"author":[{"embeddable":true,"href":"https:\/\/kodevill.hu\/index.php\/wp-json\/wp\/v2\/users\/1"}],"replies":[{"embeddable":true,"href":"https:\/\/kodevill.hu\/index.php\/wp-json\/wp\/v2\/comments?post=87"}],"version-history":[{"count":1,"href":"https:\/\/kodevill.hu\/index.php\/wp-json\/wp\/v2\/pages\/87\/revisions"}],"predecessor-version":[{"id":88,"href":"https:\/\/kodevill.hu\/index.php\/wp-json\/wp\/v2\/pages\/87\/revisions\/88"}],"wp:attachment":[{"href":"https:\/\/kodevill.hu\/index.php\/wp-json\/wp\/v2\/media?parent=87"}],"curies":[{"name":"wp","href":"https:\/\/api.w.org\/{rel}","templated":true}]}}